{"id":193,"date":"2024-07-23T17:39:06","date_gmt":"2024-07-23T20:39:06","guid":{"rendered":"https:\/\/dalcinloja.com.br\/site\/?page_id=193"},"modified":"2025-01-28T20:22:52","modified_gmt":"2025-01-28T23:22:52","slug":"produtos","status":"publish","type":"page","link":"https:\/\/dalcinloja.com.br\/site\/produtos\/","title":{"rendered":"Produtos"},"content":{"rendered":"\t\t<div data-elementor-type=\"wp-page\" data-elementor-id=\"193\" class=\"elementor elementor-193\" data-elementor-post-type=\"page\">\n\t\t\t\t<div class=\"elementor-element elementor-element-ef5c257 e-con-full e-flex e-con e-parent\" data-id=\"ef5c257\" data-element_type=\"container\" data-settings=\"{&quot;background_background&quot;:&quot;classic&quot;}\">\n\t\t<div class=\"elementor-element elementor-element-2b7524b e-con-full e-flex e-con e-child\" data-id=\"2b7524b\" data-element_type=\"container\">\n\t\t\t\t<div class=\"elementor-element elementor-element-2e19dfd elementor-invisible elementor-widget elementor-widget-heading\" data-id=\"2e19dfd\" data-element_type=\"widget\" data-settings=\"{&quot;_animation&quot;:&quot;fadeInUp&quot;}\" data-widget_type=\"heading.default\">\n\t\t\t\t<div class=\"elementor-widget-container\">\n\t\t\t<style>\/*! elementor - v3.23.0 - 23-07-2024 *\/\n.elementor-heading-title{padding:0;margin:0;line-height:1}.elementor-widget-heading .elementor-heading-title[class*=elementor-size-]>a{color:inherit;font-size:inherit;line-height:inherit}.elementor-widget-heading .elementor-heading-title.elementor-size-small{font-size:15px}.elementor-widget-heading .elementor-heading-title.elementor-size-medium{font-size:19px}.elementor-widget-heading .elementor-heading-title.elementor-size-large{font-size:29px}.elementor-widget-heading .elementor-heading-title.elementor-size-xl{font-size:39px}.elementor-widget-heading .elementor-heading-title.elementor-size-xxl{font-size:59px}<\/style><h2 class=\"elementor-heading-title elementor-size-default\">Produtos<\/h2>\t\t<\/div>\n\t\t\t\t<\/div>\n\t\t\t\t<div class=\"elementor-element elementor-element-d1c79f7 elementor-invisible elementor-widget elementor-widget-heading\" data-id=\"d1c79f7\" data-element_type=\"widget\" data-settings=\"{&quot;_animation&quot;:&quot;fadeInUp&quot;}\" data-widget_type=\"heading.default\">\n\t\t\t\t<div class=\"elementor-widget-container\">\n\t\t\t<h2 class=\"elementor-heading-title elementor-size-default\">Nossos Produtos<\/h2>\t\t<\/div>\n\t\t\t\t<\/div>\n\t\t\t\t<\/div>\n\t\t\t\t<\/div>\n\t\t\t\t<section class=\"elementor-section elementor-top-section elementor-element elementor-element-310ecc25 elementor-section-full_width elementor-section-height-full elementor-section-height-default elementor-section-items-middle\" data-id=\"310ecc25\" data-element_type=\"section\" data-settings=\"{&quot;background_background&quot;:&quot;slideshow&quot;,&quot;background_slideshow_gallery&quot;:[{&quot;id&quot;:228,&quot;url&quot;:&quot;https:\\\/\\\/dalcinloja.com.br\\\/site\\\/wp-content\\\/uploads\\\/2024\\\/07\\\/scania-fotointeira.jpg&quot;},{&quot;id&quot;:227,&quot;url&quot;:&quot;https:\\\/\\\/dalcinloja.com.br\\\/site\\\/wp-content\\\/uploads\\\/2024\\\/07\\\/Caminhao-volvo-foto-inteira.jpg&quot;},{&quot;id&quot;:229,&quot;url&quot;:&quot;https:\\\/\\\/dalcinloja.com.br\\\/site\\\/wp-content\\\/uploads\\\/2024\\\/07\\\/volkswagen-delivery-express-1530644426594_v2_615x300.jpg&quot;},{&quot;id&quot;:403,&quot;url&quot;:&quot;https:\\\/\\\/dalcinloja.com.br\\\/site\\\/wp-content\\\/uploads\\\/2024\\\/07\\\/istockphoto-1280328024-612x612-1.jpg&quot;},{&quot;id&quot;:404,&quot;url&quot;:&quot;https:\\\/\\\/dalcinloja.com.br\\\/site\\\/wp-content\\\/uploads\\\/2024\\\/07\\\/Ford_Caminhao.jpg&quot;},{&quot;id&quot;:405,&quot;url&quot;:&quot;https:\\\/\\\/dalcinloja.com.br\\\/site\\\/wp-content\\\/uploads\\\/2024\\\/07\\\/b27fac1b347214aed59d9ea085420783.jpg&quot;},{&quot;id&quot;:226,&quot;url&quot;:&quot;https:\\\/\\\/dalcinloja.com.br\\\/site\\\/wp-content\\\/uploads\\\/2024\\\/07\\\/um-caminhao-vermelho-da-empresa-mercedes-benz_81048-665.avif&quot;},{&quot;id&quot;:406,&quot;url&quot;:&quot;https:\\\/\\\/dalcinloja.com.br\\\/site\\\/wp-content\\\/uploads\\\/2024\\\/07\\\/daf-xf-off-road-01.jpg&quot;}],&quot;background_slideshow_slide_duration&quot;:4000,&quot;background_slideshow_loop&quot;:&quot;yes&quot;,&quot;background_slideshow_slide_transition&quot;:&quot;fade&quot;,&quot;background_slideshow_transition_duration&quot;:500}\">\n\t\t\t\t\t\t\t<div class=\"elementor-background-overlay\"><\/div>\n\t\t\t\t\t\t\t<div class=\"elementor-container elementor-column-gap-default\">\n\t\t\t\t\t<div class=\"elementor-column elementor-col-100 elementor-top-column elementor-element elementor-element-3c0bc91\" data-id=\"3c0bc91\" data-element_type=\"column\">\n\t\t\t<div class=\"elementor-widget-wrap elementor-element-populated\">\n\t\t\t\t\t\t<div class=\"elementor-element elementor-element-1ef14a5a elementor-invisible elementor-widget elementor-widget-heading\" data-id=\"1ef14a5a\" data-element_type=\"widget\" data-settings=\"{&quot;_animation&quot;:&quot;fadeInRight&quot;}\" data-widget_type=\"heading.default\">\n\t\t\t\t<div class=\"elementor-widget-container\">\n\t\t\t<h2 class=\"elementor-heading-title elementor-size-default\">Nossas Marcas<\/h2>\t\t<\/div>\n\t\t\t\t<\/div>\n\t\t\t\t<div class=\"elementor-element elementor-element-3351f4ca elementor-invisible elementor-widget elementor-widget-text-editor\" data-id=\"3351f4ca\" data-element_type=\"widget\" data-settings=\"{&quot;_animation&quot;:&quot;fadeInLeft&quot;}\" data-widget_type=\"text-editor.default\">\n\t\t\t\t<div class=\"elementor-widget-container\">\n\t\t\t<style>\/*! elementor - v3.23.0 - 23-07-2024 *\/\n.elementor-widget-text-editor.elementor-drop-cap-view-stacked .elementor-drop-cap{background-color:#69727d;color:#fff}.elementor-widget-text-editor.elementor-drop-cap-view-framed .elementor-drop-cap{color:#69727d;border:3px solid;background-color:transparent}.elementor-widget-text-editor:not(.elementor-drop-cap-view-default) .elementor-drop-cap{margin-top:8px}.elementor-widget-text-editor:not(.elementor-drop-cap-view-default) .elementor-drop-cap-letter{width:1em;height:1em}.elementor-widget-text-editor .elementor-drop-cap{float:left;text-align:center;line-height:1;font-size:50px}.elementor-widget-text-editor .elementor-drop-cap-letter{display:inline-block}<\/style>\t\t\t\t<p>Desde 2009 no mercado de reposi\u00e7\u00e3o com a Linha de Filtros, representando fabricas de lonas Enceradas e Sider, hoje\u00a0 com mais de 10 mil itens diversos ampliando para a linha de pe\u00e7as para cavalos Scania, Volvo, Mercedes-Benz, Iveco, Ford ,Volkswagem, DAF, MAN e linha de carretas com todas linha de para-lamas pl\u00e1sticos, com o principal objetivo de redu\u00e7\u00e3o de custo para o cliente, seja ele Frota, Transportadora, Revenda ou consumidor final.<\/p>\t\t\t\t\t\t<\/div>\n\t\t\t\t<\/div>\n\t\t\t\t\t<\/div>\n\t\t<\/div>\n\t\t\t\t\t<\/div>\n\t\t<\/section>\n\t\t<div class=\"elementor-element elementor-element-8b3b848 e-flex e-con-boxed e-con e-parent\" data-id=\"8b3b848\" data-element_type=\"container\" data-settings=\"{&quot;background_background&quot;:&quot;classic&quot;}\">\n\t\t\t\t\t<div class=\"e-con-inner\">\n\t\t<div class=\"elementor-element elementor-element-313b633 e-con-full e-flex e-con e-child\" data-id=\"313b633\" data-element_type=\"container\">\n\t\t\t\t<div class=\"elementor-element elementor-element-4db7c9e elementor-invisible elementor-widget elementor-widget-heading\" data-id=\"4db7c9e\" data-element_type=\"widget\" data-settings=\"{&quot;_animation&quot;:&quot;fadeInLeft&quot;}\" data-widget_type=\"heading.default\">\n\t\t\t\t<div class=\"elementor-widget-container\">\n\t\t\t<h2 class=\"elementor-heading-title elementor-size-default\">Nossos Modelos<\/h2>\t\t<\/div>\n\t\t\t\t<\/div>\n\t\t\t\t<div class=\"elementor-element elementor-element-38f8ba8 elementor-invisible elementor-widget elementor-widget-text-editor\" data-id=\"38f8ba8\" data-element_type=\"widget\" data-settings=\"{&quot;_animation&quot;:&quot;fadeInLeft&quot;}\" data-widget_type=\"text-editor.default\">\n\t\t\t\t<div class=\"elementor-widget-container\">\n\t\t\t\t\t\t\t<p>Esses s\u00e3o os modelos de caminh\u00f5es que n\u00f3s da Dalcin trabalhamos. As pe\u00e7as para esses modelos podem ser encontradas aqui.<\/p>\t\t\t\t\t\t<\/div>\n\t\t\t\t<\/div>\n\t\t\t\t<\/div>\n\t\t<div class=\"elementor-element elementor-element-b4ae0f3 e-grid e-con-full elementor-invisible e-con e-child\" data-id=\"b4ae0f3\" data-element_type=\"container\" data-settings=\"{&quot;background_background&quot;:&quot;classic&quot;,&quot;animation&quot;:&quot;fadeInUp&quot;}\">\n\t\t<div class=\"elementor-element elementor-element-fae984a e-con-full e-flex e-con e-child\" data-id=\"fae984a\" data-element_type=\"container\" data-settings=\"{&quot;background_background&quot;:&quot;classic&quot;}\">\n\t\t\t\t<div class=\"elementor-element elementor-element-7399ed2 elementor-widget elementor-widget-heading\" data-id=\"7399ed2\" data-element_type=\"widget\" data-widget_type=\"heading.default\">\n\t\t\t\t<div class=\"elementor-widget-container\">\n\t\t\t<h4 class=\"elementor-heading-title elementor-size-default\">Mercedes <\/h4>\t\t<\/div>\n\t\t\t\t<\/div>\n\t\t\t\t<\/div>\n\t\t<div class=\"elementor-element elementor-element-03ceb97 e-con-full e-flex e-con e-child\" data-id=\"03ceb97\" data-element_type=\"container\" data-settings=\"{&quot;background_background&quot;:&quot;classic&quot;}\">\n\t\t\t\t<div class=\"elementor-element elementor-element-86cde53 elementor-widget elementor-widget-heading\" data-id=\"86cde53\" data-element_type=\"widget\" data-widget_type=\"heading.default\">\n\t\t\t\t<div class=\"elementor-widget-container\">\n\t\t\t<h4 class=\"elementor-heading-title elementor-size-default\">Scania S\u00e9rie 4\/5<\/h4>\t\t<\/div>\n\t\t\t\t<\/div>\n\t\t\t\t<\/div>\n\t\t<div class=\"elementor-element elementor-element-87147dc e-con-full e-flex e-con e-child\" data-id=\"87147dc\" data-element_type=\"container\" data-settings=\"{&quot;background_background&quot;:&quot;classic&quot;}\">\n\t\t\t\t<div class=\"elementor-element elementor-element-19893cb elementor-widget elementor-widget-heading\" data-id=\"19893cb\" data-element_type=\"widget\" data-widget_type=\"heading.default\">\n\t\t\t\t<div class=\"elementor-widget-container\">\n\t\t\t<h4 class=\"elementor-heading-title elementor-size-default\">Scania 112\/113<\/h4>\t\t<\/div>\n\t\t\t\t<\/div>\n\t\t\t\t<\/div>\n\t\t<div class=\"elementor-element elementor-element-2337b64 e-con-full e-flex e-con e-child\" data-id=\"2337b64\" data-element_type=\"container\" data-settings=\"{&quot;background_background&quot;:&quot;classic&quot;}\">\n\t\t\t\t<div class=\"elementor-element elementor-element-a8d6212 elementor-widget elementor-widget-heading\" data-id=\"a8d6212\" data-element_type=\"widget\" data-widget_type=\"heading.default\">\n\t\t\t\t<div class=\"elementor-widget-container\">\n\t\t\t<h4 class=\"elementor-heading-title elementor-size-default\">Scania NTG<\/h4>\t\t<\/div>\n\t\t\t\t<\/div>\n\t\t\t\t<\/div>\n\t\t<div class=\"elementor-element elementor-element-d40f63a e-con-full e-flex e-con e-child\" data-id=\"d40f63a\" data-element_type=\"container\" data-settings=\"{&quot;background_background&quot;:&quot;classic&quot;}\">\n\t\t\t\t<div class=\"elementor-element elementor-element-6ba66e2 elementor-widget elementor-widget-heading\" data-id=\"6ba66e2\" data-element_type=\"widget\" data-widget_type=\"heading.default\">\n\t\t\t\t<div class=\"elementor-widget-container\">\n\t\t\t<h4 class=\"elementor-heading-title elementor-size-default\">Ford Cargo<\/h4>\t\t<\/div>\n\t\t\t\t<\/div>\n\t\t\t\t<\/div>\n\t\t<div class=\"elementor-element elementor-element-2507f13 e-con-full e-flex e-con e-child\" data-id=\"2507f13\" data-element_type=\"container\" data-settings=\"{&quot;background_background&quot;:&quot;classic&quot;}\">\n\t\t\t\t<div class=\"elementor-element elementor-element-95244ac elementor-widget elementor-widget-heading\" data-id=\"95244ac\" data-element_type=\"widget\" data-widget_type=\"heading.default\">\n\t\t\t\t<div class=\"elementor-widget-container\">\n\t\t\t<h4 class=\"elementor-heading-title elementor-size-default\">Volvo<\/h4>\t\t<\/div>\n\t\t\t\t<\/div>\n\t\t\t\t<\/div>\n\t\t<div class=\"elementor-element elementor-element-659b5b1 e-con-full e-flex e-con e-child\" data-id=\"659b5b1\" data-element_type=\"container\" data-settings=\"{&quot;background_background&quot;:&quot;classic&quot;}\">\n\t\t\t\t<div class=\"elementor-element elementor-element-b6b0f71 elementor-widget elementor-widget-heading\" data-id=\"b6b0f71\" data-element_type=\"widget\" data-widget_type=\"heading.default\">\n\t\t\t\t<div class=\"elementor-widget-container\">\n\t\t\t<h4 class=\"elementor-heading-title elementor-size-default\">DAF<\/h4>\t\t<\/div>\n\t\t\t\t<\/div>\n\t\t\t\t<\/div>\n\t\t<div class=\"elementor-element elementor-element-1f29dcd e-con-full e-flex e-con e-child\" data-id=\"1f29dcd\" data-element_type=\"container\" data-settings=\"{&quot;background_background&quot;:&quot;classic&quot;}\">\n\t\t\t\t<div class=\"elementor-element elementor-element-6728a37 elementor-widget elementor-widget-heading\" data-id=\"6728a37\" data-element_type=\"widget\" data-widget_type=\"heading.default\">\n\t\t\t\t<div class=\"elementor-widget-container\">\n\t\t\t<h4 class=\"elementor-heading-title elementor-size-default\">Volksvagem<\/h4>\t\t<\/div>\n\t\t\t\t<\/div>\n\t\t\t\t<\/div>\n\t\t<div class=\"elementor-element elementor-element-d5f8d38 e-con-full e-flex e-con e-child\" data-id=\"d5f8d38\" data-element_type=\"container\" data-settings=\"{&quot;background_background&quot;:&quot;classic&quot;}\">\n\t\t\t\t<div class=\"elementor-element elementor-element-f1ac6de elementor-widget elementor-widget-heading\" data-id=\"f1ac6de\" data-element_type=\"widget\" data-widget_type=\"heading.default\">\n\t\t\t\t<div class=\"elementor-widget-container\">\n\t\t\t<h4 class=\"elementor-heading-title elementor-size-default\">MAN<\/h4>\t\t<\/div>\n\t\t\t\t<\/div>\n\t\t\t\t<\/div>\n\t\t<div class=\"elementor-element elementor-element-59f148e e-con-full e-flex e-con e-child\" data-id=\"59f148e\" data-element_type=\"container\" data-settings=\"{&quot;background_background&quot;:&quot;classic&quot;}\">\n\t\t\t\t<div class=\"elementor-element elementor-element-98ce6d7 elementor-widget elementor-widget-heading\" data-id=\"98ce6d7\" data-element_type=\"widget\" data-widget_type=\"heading.default\">\n\t\t\t\t<div class=\"elementor-widget-container\">\n\t\t\t<h4 class=\"elementor-heading-title elementor-size-default\">Iveco<\/h4>\t\t<\/div>\n\t\t\t\t<\/div>\n\t\t\t\t<\/div>\n\t\t\t\t<\/div>\n\t\t\t\t\t<\/div>\n\t\t\t\t<\/div>\n\t\t<div class=\"elementor-element elementor-element-b522671 e-flex e-con-boxed e-con e-parent\" data-id=\"b522671\" data-element_type=\"container\" data-settings=\"{&quot;background_background&quot;:&quot;slideshow&quot;,&quot;background_slideshow_gallery&quot;:[{&quot;id&quot;:693,&quot;url&quot;:&quot;https:\\\/\\\/dalcinloja.com.br\\\/site\\\/wp-content\\\/uploads\\\/2024\\\/10\\\/Foto-whats-dalcin.png&quot;},{&quot;id&quot;:694,&quot;url&quot;:&quot;https:\\\/\\\/dalcinloja.com.br\\\/site\\\/wp-content\\\/uploads\\\/2024\\\/10\\\/Foto-whats-dalcin-1.png&quot;},{&quot;id&quot;:677,&quot;url&quot;:&quot;https:\\\/\\\/dalcinloja.com.br\\\/site\\\/wp-content\\\/uploads\\\/2024\\\/10\\\/WhatsApp-Image-2024-10-03-at-15.52.22-scaled.jpeg&quot;}],&quot;background_slideshow_loop&quot;:&quot;yes&quot;,&quot;background_slideshow_slide_duration&quot;:5000,&quot;background_slideshow_slide_transition&quot;:&quot;fade&quot;,&quot;background_slideshow_transition_duration&quot;:500}\">\n\t\t\t\t\t<div class=\"e-con-inner\">\n\t\t<div class=\"elementor-element elementor-element-b8847c1 e-con-full e-flex e-con e-child\" data-id=\"b8847c1\" data-element_type=\"container\">\n\t\t\t\t<div class=\"elementor-element elementor-element-1b623ce elementor-widget elementor-widget-heading\" data-id=\"1b623ce\" data-element_type=\"widget\" data-widget_type=\"heading.default\">\n\t\t\t\t<div class=\"elementor-widget-container\">\n\t\t\t<h2 class=\"elementor-heading-title elementor-size-default\">Nossa Marca<\/h2>\t\t<\/div>\n\t\t\t\t<\/div>\n\t\t<div class=\"elementor-element elementor-element-9d1f62d e-con-full e-flex e-con e-child\" data-id=\"9d1f62d\" data-element_type=\"container\">\n\t\t<div class=\"elementor-element elementor-element-ae0a8be e-con-full e-flex e-con e-child\" data-id=\"ae0a8be\" data-element_type=\"container\">\n\t\t\t\t<div class=\"elementor-element elementor-element-bc889b7 elementor-widget elementor-widget-image\" data-id=\"bc889b7\" data-element_type=\"widget\" data-widget_type=\"image.default\">\n\t\t\t\t<div class=\"elementor-widget-container\">\n\t\t\t<style>\/*! elementor - v3.23.0 - 23-07-2024 *\/\n.elementor-widget-image{text-align:center}.elementor-widget-image a{display:inline-block}.elementor-widget-image a img[src$=\".svg\"]{width:48px}.elementor-widget-image img{vertical-align:middle;display:inline-block}<\/style>\t\t\t\t\t\t\t\t\t\t<img fetchpriority=\"high\" decoding=\"async\" width=\"768\" height=\"768\" src=\"https:\/\/dalcinloja.com.br\/site\/wp-content\/uploads\/2024\/10\/Foto-whats-dalcin-2-768x768.png\" class=\"attachment-medium_large size-medium_large wp-image-699\" alt=\"\" srcset=\"https:\/\/dalcinloja.com.br\/site\/wp-content\/uploads\/2024\/10\/Foto-whats-dalcin-2-768x768.png 768w, https:\/\/dalcinloja.com.br\/site\/wp-content\/uploads\/2024\/10\/Foto-whats-dalcin-2-300x300.png 300w, https:\/\/dalcinloja.com.br\/site\/wp-content\/uploads\/2024\/10\/Foto-whats-dalcin-2-150x150.png 150w, https:\/\/dalcinloja.com.br\/site\/wp-content\/uploads\/2024\/10\/Foto-whats-dalcin-2.png 902w\" sizes=\"(max-width: 768px) 100vw, 768px\" \/>\t\t\t\t\t\t\t\t\t\t\t\t\t<\/div>\n\t\t\t\t<\/div>\n\t\t\t\t<div class=\"elementor-element elementor-element-92b7c0a elementor-widget elementor-widget-heading\" data-id=\"92b7c0a\" data-element_type=\"widget\" data-widget_type=\"heading.default\">\n\t\t\t\t<div class=\"elementor-widget-container\">\n\t\t\t<h2 class=\"elementor-heading-title elementor-size-default\">Discos<\/h2>\t\t<\/div>\n\t\t\t\t<\/div>\n\t\t\t\t<\/div>\n\t\t\t\t<\/div>\n\t\t\t\t<\/div>\n\t\t\t\t\t<\/div>\n\t\t\t\t<\/div>\n\t\t<div class=\"elementor-element elementor-element-de57a81 e-flex e-con-boxed e-con e-parent\" data-id=\"de57a81\" data-element_type=\"container\" data-settings=\"{&quot;background_background&quot;:&quot;classic&quot;}\">\n\t\t\t\t\t<div class=\"e-con-inner\">\n\t\t<div class=\"elementor-element elementor-element-b6c3293 e-con-full e-flex e-con e-child\" data-id=\"b6c3293\" data-element_type=\"container\">\n\t\t\t\t<div class=\"elementor-element elementor-element-ac9d5b8 elementor-invisible elementor-widget elementor-widget-heading\" data-id=\"ac9d5b8\" data-element_type=\"widget\" data-settings=\"{&quot;_animation&quot;:&quot;fadeInLeft&quot;}\" data-widget_type=\"heading.default\">\n\t\t\t\t<div class=\"elementor-widget-container\">\n\t\t\t<h2 class=\"elementor-heading-title elementor-size-default\">Nosso Cat\u00e1logo<\/h2>\t\t<\/div>\n\t\t\t\t<\/div>\n\t\t\t\t<\/div>\n\t\t<div class=\"elementor-element elementor-element-1aa0cc8 e-con-full e-flex e-con e-child\" data-id=\"1aa0cc8\" data-element_type=\"container\">\n\t\t<div class=\"elementor-element elementor-element-e6ec0da e-con-full e-flex elementor-invisible e-con e-child\" data-id=\"e6ec0da\" data-element_type=\"container\" data-settings=\"{&quot;background_background&quot;:&quot;classic&quot;,&quot;animation&quot;:&quot;fadeInLeft&quot;}\">\n\t\t\t\t<\/div>\n\t\t<div class=\"elementor-element elementor-element-8902f01 e-con-full e-flex elementor-invisible e-con e-child\" data-id=\"8902f01\" data-element_type=\"container\" data-settings=\"{&quot;background_background&quot;:&quot;classic&quot;,&quot;animation&quot;:&quot;fadeInLeft&quot;}\">\n\t\t\t\t<\/div>\n\t\t<div class=\"elementor-element elementor-element-1236781 e-con-full e-flex elementor-invisible e-con e-child\" data-id=\"1236781\" data-element_type=\"container\" data-settings=\"{&quot;background_background&quot;:&quot;classic&quot;,&quot;animation&quot;:&quot;fadeInLeft&quot;}\">\n\t\t\t\t<\/div>\n\t\t\t\t<\/div>\n\t\t<div class=\"elementor-element elementor-element-47f1811 e-con-full e-flex elementor-invisible e-con e-child\" data-id=\"47f1811\" data-element_type=\"container\" data-settings=\"{&quot;animation&quot;:&quot;fadeInUp&quot;}\">\n\t\t\t\t<div class=\"elementor-element elementor-element-f68bf4c elementor-widget__width-initial elementor-widget elementor-widget-heading\" data-id=\"f68bf4c\" data-element_type=\"widget\" data-widget_type=\"heading.default\">\n\t\t\t\t<div class=\"elementor-widget-container\">\n\t\t\t<h2 class=\"elementor-heading-title elementor-size-default\">Scania 113<\/h2>\t\t<\/div>\n\t\t\t\t<\/div>\n\t\t\t\t<div class=\"elementor-element elementor-element-0f7b208 elementor-widget__width-initial elementor-widget elementor-widget-heading\" data-id=\"0f7b208\" data-element_type=\"widget\" data-widget_type=\"heading.default\">\n\t\t\t\t<div class=\"elementor-widget-container\">\n\t\t\t<h2 class=\"elementor-heading-title elementor-size-default\">Ford<\/h2>\t\t<\/div>\n\t\t\t\t<\/div>\n\t\t\t\t<div class=\"elementor-element elementor-element-9a48fa6 elementor-widget__width-initial elementor-widget elementor-widget-heading\" data-id=\"9a48fa6\" data-element_type=\"widget\" data-widget_type=\"heading.default\">\n\t\t\t\t<div class=\"elementor-widget-container\">\n\t\t\t<h2 class=\"elementor-heading-title elementor-size-default\">Volksvagem<\/h2>\t\t<\/div>\n\t\t\t\t<\/div>\n\t\t\t\t<\/div>\n\t\t\t\t\t<\/div>\n\t\t\t\t<\/div>\n\t\t<div class=\"elementor-element elementor-element-da5e804 e-con-full e-flex e-con e-parent\" data-id=\"da5e804\" data-element_type=\"container\" data-settings=\"{&quot;background_background&quot;:&quot;slideshow&quot;,&quot;background_slideshow_gallery&quot;:[{&quot;id&quot;:247,&quot;url&quot;:&quot;https:\\\/\\\/dalcinloja.com.br\\\/site\\\/wp-content\\\/uploads\\\/2024\\\/07\\\/pistons-and-connecting-rods-the-main-parts-for-a-car-with-an-internal-combustion-engine-.jpg&quot;},{&quot;id&quot;:246,&quot;url&quot;:&quot;https:\\\/\\\/dalcinloja.com.br\\\/site\\\/wp-content\\\/uploads\\\/2024\\\/07\\\/a-new-car-spare-parts-automobile-details-flat-lay.jpg&quot;},{&quot;id&quot;:245,&quot;url&quot;:&quot;https:\\\/\\\/dalcinloja.com.br\\\/site\\\/wp-content\\\/uploads\\\/2024\\\/07\\\/a-new-car-spare-parts-flat-lay-pieces-for-automobile-engine-repair-flat-lay.jpg&quot;}],&quot;background_slideshow_slide_duration&quot;:4000,&quot;background_slideshow_loop&quot;:&quot;yes&quot;,&quot;background_slideshow_slide_transition&quot;:&quot;fade&quot;,&quot;background_slideshow_transition_duration&quot;:500}\">\n\t\t<div class=\"elementor-element elementor-element-5e3daed e-con-full e-flex e-con e-child\" data-id=\"5e3daed\" data-element_type=\"container\">\n\t\t\t\t<div class=\"elementor-element elementor-element-aa497c5 elementor-invisible elementor-widget elementor-widget-heading\" data-id=\"aa497c5\" data-element_type=\"widget\" data-settings=\"{&quot;_animation&quot;:&quot;fadeInUp&quot;}\" data-widget_type=\"heading.default\">\n\t\t\t\t<div class=\"elementor-widget-container\">\n\t\t\t<h2 class=\"elementor-heading-title elementor-size-default\">Pe\u00e7as de Qualidade<\/h2>\t\t<\/div>\n\t\t\t\t<\/div>\n\t\t\t\t<div class=\"elementor-element elementor-element-3478a58 elementor-invisible elementor-widget elementor-widget-text-editor\" data-id=\"3478a58\" data-element_type=\"widget\" data-settings=\"{&quot;_animation&quot;:&quot;fadeInUp&quot;}\" data-widget_type=\"text-editor.default\">\n\t\t\t\t<div class=\"elementor-widget-container\">\n\t\t\t\t\t\t\t<p>Trabalhamos com a mais alta qualidade de pe\u00e7as do mercado. Um \u00f3timo custo-benef\u00edcio, as pe\u00e7as tem uma dura\u00e7\u00e3o incr\u00edvel.<\/p>\t\t\t\t\t\t<\/div>\n\t\t\t\t<\/div>\n\t\t\t\t<\/div>\n\t\t\t\t<\/div>\n\t\t\t\t<\/div>\n\t\t","protected":false},"excerpt":{"rendered":"<p>Produtos Nossos Produtos Nossas Marcas Desde 2009 no mercado de reposi\u00e7\u00e3o com a Linha de Filtros, representando fabricas de lonas Enceradas e Sider, hoje\u00a0 com mais de 10 mil itens diversos ampliando para a linha de pe\u00e7as para cavalos Scania, Volvo, Mercedes-Benz, Iveco, Ford ,Volkswagem, DAF, MAN e linha de carretas com todas linha de [&hellip;]<\/p>\n","protected":false},"author":2,"featured_media":0,"parent":0,"menu_order":0,"comment_status":"closed","ping_status":"closed","template":"elementor_header_footer","meta":{"footnotes":""},"class_list":["post-193","page","type-page","status-publish","hentry"],"_links":{"self":[{"href":"https:\/\/dalcinloja.com.br\/site\/wp-json\/wp\/v2\/pages\/193","targetHints":{"allow":["GET"]}}],"collection":[{"href":"https:\/\/dalcinloja.com.br\/site\/wp-json\/wp\/v2\/pages"}],"about":[{"href":"https:\/\/dalcinloja.com.br\/site\/wp-json\/wp\/v2\/types\/page"}],"author":[{"embeddable":true,"href":"https:\/\/dalcinloja.com.br\/site\/wp-json\/wp\/v2\/users\/2"}],"replies":[{"embeddable":true,"href":"https:\/\/dalcinloja.com.br\/site\/wp-json\/wp\/v2\/comments?post=193"}],"version-history":[{"count":106,"href":"https:\/\/dalcinloja.com.br\/site\/wp-json\/wp\/v2\/pages\/193\/revisions"}],"predecessor-version":[{"id":799,"href":"https:\/\/dalcinloja.com.br\/site\/wp-json\/wp\/v2\/pages\/193\/revisions\/799"}],"wp:attachment":[{"href":"https:\/\/dalcinloja.com.br\/site\/wp-json\/wp\/v2\/media?parent=193"}],"curies":[{"name":"wp","href":"https:\/\/api.w.org\/{rel}","templated":true}]}}